{"id":524,"date":"2021-01-21T09:10:38","date_gmt":"2021-01-21T08:10:38","guid":{"rendered":"https:\/\/ip.pk.edu.pl\/?page_id=524"},"modified":"2023-02-28T08:29:27","modified_gmt":"2023-02-28T07:29:27","slug":"ptzp-oddzial-w-krakowie","status":"publish","type":"page","link":"https:\/\/ip.pk.edu.pl\/index.php\/ptzp-oddzial-w-krakowie\/","title":{"rendered":"PTZP oddzia\u0142 w Krakowie"},"content":{"rendered":"\n<div id=\"wp-block-themeisle-blocks-advanced-columns-6e51aa04\" class=\"wp-block-themeisle-blocks-advanced-columns has-2-columns has-desktop-oneTwo-layout has-tablet-equal-layout has-mobile-collapsedRows-layout has-vertical-unset\"><div class=\"wp-block-themeisle-blocks-advanced-columns-overlay\"><\/div><div class=\"innerblocks-wrap\">\n<div id=\"wp-block-themeisle-blocks-advanced-column-4d0ab4fb\" class=\"wp-block-themeisle-blocks-advanced-column\"><div class=\"wp-block-image\">\n<figure class=\"aligncenter size-large is-resized\"><img loading=\"lazy\" decoding=\"async\" src=\"https:\/\/ip.pk.edu.pl\/wp-content\/uploads\/2021\/01\/logo_PTZP.jpg\" alt=\"\" class=\"wp-image-526\" width=\"197\" height=\"143\" srcset=\"https:\/\/ip.pk.edu.pl\/wp-content\/uploads\/2021\/01\/logo_PTZP.jpg 553w, https:\/\/ip.pk.edu.pl\/wp-content\/uploads\/2021\/01\/logo_PTZP-300x219.jpg 300w\" sizes=\"auto, (max-width: 197px) 100vw, 197px\" \/><\/figure>\n<\/div><\/div>\n\n\n\n<div id=\"wp-block-themeisle-blocks-advanced-column-1d1d602c\" class=\"wp-block-themeisle-blocks-advanced-column\">\n<h3 class=\"wp-block-heading\"><strong>Polskie Towarzystwo Zarz\u0105dzania Produkcj\u0105 <\/strong> <\/h3>\n\n\n\n<h4 class=\"wp-block-heading\">Oddzia\u0142 w Krakowie<\/h4>\n<\/div>\n<\/div><\/div>\n\n\n\n<p>Konkurs przeprowadzany jest w poszczeg\u00f3lnych oddzia\u0142ach PTZP, a przewodnicz\u0105cymi komisji konkursowych s\u0105&nbsp;<a href=\"http:\/\/ptzp.org.pl\/s24\/Wladze_PTZP\">przewodnicz\u0105cy oddzia\u0142\u00f3w PTZP<\/a>.<\/p>\n\n\n\n<hr class=\"wp-block-separator has-text-color has-vivid-red-color has-css-opacity has-vivid-red-background-color has-background\"\/>\n\n\n\n<h1 class=\"has-text-align-center has-text-color wp-block-heading\" style=\"color:#090b8f\"> <strong>Zapraszamy<\/strong> do <\/h1>\n\n\n\n<p class=\"has-text-align-center has-very-light-gray-color has-text-color has-background\" style=\"background-color:#008152\"> wzi\u0119cia udzia\u0142u<br> w <strong>konkursie na Najlepsze Prace Dyplomowe<\/strong><br> organizowanym przez<br> Polskie Towarzystwo Zarz\u0105dzania Produkcj\u0105<br> oddzia\u0142 Krak\u00f3w<br> <strong>NAGRODA PIENI\u0118\u017bNA<\/strong> <\/p>\n\n\n\n<div class=\"wp-block-file\"><a id=\"wp-block-file--media-8fc3cc02-4fe5-40b3-b79e-428a43f0b241\" href=\"https:\/\/ip.pk.edu.pl\/wp-content\/uploads\/2021\/01\/Regulamin_konkursu_PTZP.doc\"><strong>Regulamin konkursu PTZP<\/strong><\/a><a href=\"https:\/\/ip.pk.edu.pl\/wp-content\/uploads\/2021\/01\/Regulamin_konkursu_PTZP.doc\" class=\"wp-block-file__button wp-element-button\" download aria-describedby=\"wp-block-file--media-8fc3cc02-4fe5-40b3-b79e-428a43f0b241\">Pobierz<\/a><\/div>\n\n\n\n<p>Konkurs obejmuje prace dyplomowe in\u017cynierskie i magisterskie na kierunku In\u017cynieria Produkcji, obronione w wy\u017cszych uczelniach krajowych w bie\u017c\u0105cym roku akademickim.<br>Prace dyplomowe na konkurs sk\u0142adaj\u0105 ich promotorzy lub autorzy w pokoju C211b<br>u Pani <a href=\"https:\/\/m6.pk.edu.pl\/index.php\/struktura-m-06\/pracownicy-instytutu\/boratynska-sala-anna\/\"><strong>dr in\u017c. Anny Boraty\u0144skiej &#8211; Sala<\/strong><\/a>.<br> Zg\u0142oszenie pracy na konkurs obejmuje:<\/p>\n\n\n\n<ul class=\"wp-block-list\">\n<li> prac\u0119 dyplomow\u0105 w formie: papierowej i elektronicznej,<\/li>\n\n\n\n<li>syntetyczne dane o autorze <br>(wzorzec informacji o autorze pracy stanowi<a href=\"https:\/\/ip.pk.edu.pl\/wp-content\/uploads\/2021\/01\/Regulamin_konkursu_PTZP.doc\"> Za\u0142\u0105cznik nr 1 &#8211; w regulaminie<\/a>),<\/li>\n\n\n\n<li>pismo promotora rekomenduj\u0105ce dan\u0105 prac\u0119 dyplomow\u0105,<\/li>\n\n\n\n<li>za\u015bwiadczenie uczelni, \u017ce zg\u0142oszona na konkurs praca dyplomowa zosta\u0142a obroniona w danym roku  akademickim. <\/li>\n<\/ul>\n\n\n\n<p> Zg\u0142oszenie pracy dyplomowej na konkurs powinno nast\u0105pi\u0107 najp\u00f3\u017aniej do 15 pa\u017adziernika za okres danego roku akademickiego, a og\u0142oszenie wynik\u00f3w 30 listopada. <\/p>\n\n\n\n<hr class=\"wp-block-separator has-text-color has-vivid-red-color has-css-opacity has-vivid-red-background-color has-background\"\/>\n\n\n\n<h1 class=\"has-text-align-center wp-block-heading\">Wyniki konkursu<\/h1>\n\n\n\n<h3 class=\"has-text-align-center wp-block-heading\"><strong>Wyniki konkursu PTZP oddzia\u0142 Krak\u00f3w w roku akad. 2020\/21<\/strong> <\/h3>\n\n\n\n<p>W roku akademickim 2020\/21 zg\u0142oszono do konkursu PTZP na najlepsz\u0105 prac\u0119 dyplomow\u0105 na kierunku In\u017cynierii Produkcji w Oddziale krakowskim, prace z AGH i Politechniki Krakowskiej.<\/p>\n\n\n\n<p>Komisja w sk\u0142adzie: prof. dr hab. in\u017c. Sebastian Skoczypiec, dr hab. in\u017c. Magdalena Niemczewska-W\u00f3jcik, prof. PK oraz dr in\u017c. Anna Boraty\u0144ska-Sala og\u0142osi\u0142a wyniki konkursu:<\/p>\n\n\n\n<h3 class=\"has-text-align-center wp-block-heading\">Pierwsze miejsce:&nbsp;<\/h3>\n\n\n\n<h3 class=\"has-text-align-center wp-block-heading\"><strong>Klaudia Jaro\u0144<\/strong> <\/h3>\n\n\n\n<h3 class=\"has-text-align-center wp-block-heading\"> &#8211; &#8222;Analiza jako\u015bci tworzenia cykloid z wykorzystaniem metodyki statystycznej kontroli jako\u015bci&#8221;<\/h3>\n\n\n\n<figure class=\"wp-block-image size-full is-style-default animated fadeIn\"><img loading=\"lazy\" decoding=\"async\" width=\"1000\" height=\"680\" src=\"https:\/\/ip.pk.edu.pl\/wp-content\/uploads\/2021\/11\/Dyplom_PTZP-mgr-inz-Klaudia_Jaron-20-21.jpg\" alt=\"\" class=\"wp-image-766\"\/><\/figure>\n\n\n\n<h3 class=\"has-text-align-center wp-block-heading\">Wyr\u00f3\u017cnienie:&nbsp;<\/h3>\n\n\n\n<h3 class=\"has-text-align-center wp-block-heading\"><strong>Bernadetta Puszer<\/strong> <\/h3>\n\n\n\n<h3 class=\"has-text-align-center wp-block-heading\">-&#8222;Analiza i doskonalenie Systemu Zarz\u0105dzania Jako\u015bci\u0105 na przyk\u0142adzie Urz\u0119du Miasta&#8221;<\/h3>\n\n\n\n<figure class=\"wp-block-image size-full animated fadeIn\"><img loading=\"lazy\" decoding=\"async\" width=\"1000\" height=\"680\" src=\"https:\/\/ip.pk.edu.pl\/wp-content\/uploads\/2021\/11\/Dyplom_PTZP-mgr-inz-Bernadetta-Puszer-20-21.jpg\" alt=\"\" class=\"wp-image-767\"\/><\/figure>\n\n\n\n<h3 class=\"has-text-align-center wp-block-heading\">Wszystkim serdecznie gratulujemy!<\/h3>\n\n\n\n<p class=\"has-text-align-center\"><em>Zwyci\u0119zc\u00f3w prosz\u0119 o kontakt mailowy: <a href=\"mailto:anna.boratynska-sala@pk.edu.pl\">anna.boratynska-sala@pk.edu.pl<\/a><\/em><\/p>\n\n\n\n<div class=\"wp-block-file\"><a id=\"wp-block-file--media-2f171c9e-c315-4bae-a17c-c123fe1e312d\" href=\"https:\/\/ip.pk.edu.pl\/wp-content\/uploads\/2021\/01\/konkurs-PTZP-Krakow-2020.pdf\"><strong>Wyniki konkursu PTZP oddzia\u0142 Krak\u00f3w w roku akad. 2019\/20<\/strong><\/a><a href=\"https:\/\/ip.pk.edu.pl\/wp-content\/uploads\/2021\/01\/konkurs-PTZP-Krakow-2020.pdf\" class=\"wp-block-file__button wp-element-button\" download aria-describedby=\"wp-block-file--media-2f171c9e-c315-4bae-a17c-c123fe1e312d\">Pobierz<\/a><\/div>\n\n\n\n<figure class=\"wp-block-gallery has-nested-images columns-default is-cropped wp-block-gallery-1 is-layout-flex wp-block-gallery-is-layout-flex\">\n<figure class=\"wp-block-image size-large\"><img loading=\"lazy\" decoding=\"async\" width=\"584\" height=\"397\" data-id=\"564\" src=\"https:\/\/ip.pk.edu.pl\/wp-content\/uploads\/2021\/01\/Dyplom_PTZP-Katarzyna-Kajfasz.jpg\" alt=\"\" class=\"wp-image-564\" srcset=\"https:\/\/ip.pk.edu.pl\/wp-content\/uploads\/2021\/01\/Dyplom_PTZP-Katarzyna-Kajfasz.jpg 584w, https:\/\/ip.pk.edu.pl\/wp-content\/uploads\/2021\/01\/Dyplom_PTZP-Katarzyna-Kajfasz-300x204.jpg 300w\" sizes=\"auto, (max-width: 584px) 100vw, 584px\" \/><\/figure>\n\n\n\n<figure class=\"wp-block-image size-large\"><img loading=\"lazy\" decoding=\"async\" width=\"588\" height=\"394\" data-id=\"563\" src=\"https:\/\/ip.pk.edu.pl\/wp-content\/uploads\/2021\/01\/Dyplom_PTZP-Aneta-Wrobel.jpg\" alt=\"\" class=\"wp-image-563\" srcset=\"https:\/\/ip.pk.edu.pl\/wp-content\/uploads\/2021\/01\/Dyplom_PTZP-Aneta-Wrobel.jpg 588w, https:\/\/ip.pk.edu.pl\/wp-content\/uploads\/2021\/01\/Dyplom_PTZP-Aneta-Wrobel-300x201.jpg 300w\" sizes=\"auto, (max-width: 588px) 100vw, 588px\" \/><\/figure>\n<\/figure>\n","protected":false},"excerpt":{"rendered":"<p>Konkurs przeprowadzany jest w poszczeg\u00f3lnych oddzia\u0142ach PTZP, a przewodnicz\u0105cymi komisji konkursowych s\u0105&nbsp;przewodnicz\u0105cy oddzia\u0142\u00f3w PTZP. Zapraszamy do wzi\u0119cia udzia\u0142u w konkursie na Najlepsze Prace Dyplomowe organizowanym przez Polskie Towarzystwo Zarz\u0105dzania Produkcj\u0105 &#8230;<\/p>\n","protected":false},"author":1,"featured_media":0,"parent":0,"menu_order":0,"comment_status":"closed","ping_status":"closed","template":"","meta":{"_themeisle_gutenberg_block_has_review":false,"footnotes":""},"class_list":["post-524","page","type-page","status-publish","hentry"],"_links":{"self":[{"href":"https:\/\/ip.pk.edu.pl\/index.php\/wp-json\/wp\/v2\/pages\/524","targetHints":{"allow":["GET"]}}],"collection":[{"href":"https:\/\/ip.pk.edu.pl\/index.php\/wp-json\/wp\/v2\/pages"}],"about":[{"href":"https:\/\/ip.pk.edu.pl\/index.php\/wp-json\/wp\/v2\/types\/page"}],"author":[{"embeddable":true,"href":"https:\/\/ip.pk.edu.pl\/index.php\/wp-json\/wp\/v2\/users\/1"}],"replies":[{"embeddable":true,"href":"https:\/\/ip.pk.edu.pl\/index.php\/wp-json\/wp\/v2\/comments?post=524"}],"version-history":[{"count":0,"href":"https:\/\/ip.pk.edu.pl\/index.php\/wp-json\/wp\/v2\/pages\/524\/revisions"}],"wp:attachment":[{"href":"https:\/\/ip.pk.edu.pl\/index.php\/wp-json\/wp\/v2\/media?parent=524"}],"curies":[{"name":"wp","href":"https:\/\/api.w.org\/{rel}","templated":true}]}}