{"id":6,"date":"2020-02-20T11:35:53","date_gmt":"2020-02-20T10:35:53","guid":{"rendered":"https:\/\/ip.pk.edu.pl\/?page_id=6"},"modified":"2020-11-24T12:33:04","modified_gmt":"2020-11-24T11:33:04","slug":"kierunek-inzynieria-produkcji","status":"publish","type":"page","link":"https:\/\/ip.pk.edu.pl\/index.php\/kierunek-inzynieria-produkcji\/","title":{"rendered":"In\u017cynieria Produkcji"},"content":{"rendered":"\n<p>In\u017cynieria produkcji to interdyscyplinarny kierunek studi\u00f3w przygotowuj\u0105cy absolwenta do pracy w przedsi\u0119biorstwach produkcyjnych na wszystkich ich szczeblach organizacyjnych, mi\u0119dzy innymi: <\/p>\n\n\n\n<ul class=\"animated fadeIn wp-block-list\"><li><strong>konstruktora, <\/strong><\/li><li><strong>technologa, <\/strong><\/li><li><strong>in\u017cyniera procesu, <\/strong><\/li><li><strong>in\u017cyniera ds. jako\u015bci, <\/strong><\/li><li><strong>in\u017cyniera ds. doskonalenia produkcji, <\/strong><\/li><li><strong>kontrolera operacyjnego, <\/strong><\/li><li><strong>kierownika jako\u015bci, <\/strong><\/li><li><strong>kierownika produkcji.<\/strong><\/li><\/ul>\n\n\n\n<figure class=\"wp-block-image alignfull size-large\"><img loading=\"lazy\" decoding=\"async\" width=\"1000\" height=\"500\" src=\"https:\/\/ip.pk.edu.pl\/wp-content\/uploads\/2020\/04\/SKLADKI_2A.jpg\" alt=\"\" class=\"wp-image-443\" srcset=\"https:\/\/ip.pk.edu.pl\/wp-content\/uploads\/2020\/04\/SKLADKI_2A.jpg 1000w, https:\/\/ip.pk.edu.pl\/wp-content\/uploads\/2020\/04\/SKLADKI_2A-300x150.jpg 300w, https:\/\/ip.pk.edu.pl\/wp-content\/uploads\/2020\/04\/SKLADKI_2A-768x384.jpg 768w\" sizes=\"auto, (max-width: 1000px) 100vw, 1000px\" \/><\/figure>\n\n\n\n<p>In\u017cynieria produkcji jako kierunek studi\u00f3w skupia si\u0119 na nauczaniu takich zagadnie\u0144 jak wspomagane systemami CAD\/CAM projektowanie konstrukcji i technologii wyrob\u00f3w, programowanie CNC, metrologia oraz zaawansowane przyrz\u0105dy i systemy jako\u015bci, technologie obr\u00f3bki ubytkowej, technologie przyrostowe (druk 3D), planowanie i sterowanie produkcj\u0105 w systemach ERP, MES, APS. <\/p>\n\n\n\n<p>Uzupe\u0142nieniem wiadomo\u015bci przekazywanych studentom kierunku in\u017cynieria produkcji s\u0105 takie zagadnienia jak podstawy organizacji i zarz\u0105dzania przedsi\u0119biorstwem, zarz\u0105dzanie projektami i personelem a tak\u017ce podstawy ekonomiki przedsi\u0119biorstw.<\/p>\n\n\n\n<figure class=\"wp-block-embed-youtube wp-block-embed is-type-video is-provider-youtube wp-embed-aspect-16-9 wp-has-aspect-ratio\"><div class=\"wp-block-embed__wrapper\">\n<iframe loading=\"lazy\" title=\"Laboratoria - szybki, filmowy przegl\u0105d \u0107wicze\u0144 - E1, E2, S1, S45, W1, W2, W3, W4\" width=\"800\" height=\"450\" src=\"https:\/\/www.youtube.com\/embed\/DoO6cZrPCMk?feature=oembed\" frameborder=\"0\" allow=\"accelerometer; autoplay; clipboard-write; encrypted-media; gyroscope; picture-in-picture\" allowfullscreen><\/iframe>\n<\/div><\/figure>\n","protected":false},"excerpt":{"rendered":"<p>In\u017cynieria produkcji to interdyscyplinarny kierunek studi\u00f3w przygotowuj\u0105cy absolwenta do pracy w przedsi\u0119biorstwach produkcyjnych na wszystkich ich szczeblach organizacyjnych, mi\u0119dzy innymi: konstruktora, technologa, in\u017cyniera procesu, in\u017cyniera ds. jako\u015bci, in\u017cyniera ds. doskonalenia &#8230;<\/p>\n","protected":false},"author":1,"featured_media":0,"parent":0,"menu_order":0,"comment_status":"closed","ping_status":"closed","template":"","meta":{"_themeisle_gutenberg_block_has_review":false,"footnotes":""},"class_list":["post-6","page","type-page","status-publish","hentry"],"_links":{"self":[{"href":"https:\/\/ip.pk.edu.pl\/index.php\/wp-json\/wp\/v2\/pages\/6","targetHints":{"allow":["GET"]}}],"collection":[{"href":"https:\/\/ip.pk.edu.pl\/index.php\/wp-json\/wp\/v2\/pages"}],"about":[{"href":"https:\/\/ip.pk.edu.pl\/index.php\/wp-json\/wp\/v2\/types\/page"}],"author":[{"embeddable":true,"href":"https:\/\/ip.pk.edu.pl\/index.php\/wp-json\/wp\/v2\/users\/1"}],"replies":[{"embeddable":true,"href":"https:\/\/ip.pk.edu.pl\/index.php\/wp-json\/wp\/v2\/comments?post=6"}],"version-history":[{"count":0,"href":"https:\/\/ip.pk.edu.pl\/index.php\/wp-json\/wp\/v2\/pages\/6\/revisions"}],"wp:attachment":[{"href":"https:\/\/ip.pk.edu.pl\/index.php\/wp-json\/wp\/v2\/media?parent=6"}],"curies":[{"name":"wp","href":"https:\/\/api.w.org\/{rel}","templated":true}]}}